{"id":55,"date":"2020-09-01T12:08:51","date_gmt":"2020-09-01T12:08:51","guid":{"rendered":"https:\/\/lms.ffzg.unizg.hr\/?page_id=55"},"modified":"2020-09-07T19:21:50","modified_gmt":"2020-09-07T19:21:50","slug":"venue","status":"publish","type":"page","link":"https:\/\/lms.ffzg.unizg.hr\/index.php\/venue\/","title":{"rendered":"Venue"},"content":{"rendered":"\n<div class=\"wp-block-cover alignwide has-background-dim-20 has-background-dim is-position-center-center\" style=\"background-image:url(https:\/\/lms.ffzg.unizg.hr\/wp-content\/uploads\/2020\/09\/zagreb-5.jpg);background-position:79% 37%;min-height:235px\"><div class=\"wp-block-cover__inner-container is-layout-flow wp-block-cover-is-layout-flow\">\n<p class=\"has-text-align-center has-text-color\" style=\"line-height:1.1;font-size:40px;color:#fffffa\"><strong>STANDARDIZATION<\/strong><br><strong>AS LANGUAGE MANAGEMENT<\/strong><\/p>\n\n\n\n<p class=\"has-text-align-center\" style=\"font-size:23px\">7th International Language Management Symposium<\/p>\n<\/div><\/div>\n\n\n\n<p><\/p>\n\n\n\n<p><strong>Faculty of Humanities and Social Sciences, University of Zagreb<\/strong><\/p>\n\n\n\n<p>University of Zagreb is the oldest university in Croatia. The first academy in Zagreb was founded in 1669, while modern university with four faculties was founded in 1874. Today there are 34 faculties at the University, with more than 60,000 students altogether.<\/p>\n\n\n\n<p>The Faculty of Humanities and Social Sciences is the biggest faculty at the University offering more than 100 study programs. Students can explore various fields of humanities (history, archaeology, philosophy, ethnology, anthropology, history of art, languages, literature, linguistics) and social sciences (psychology, sociology, information sciences, pedagogy).<\/p>\n\n\n\n<figure class=\"wp-block-gallery columns-3 is-cropped wp-block-gallery-2 is-layout-flex wp-block-gallery-is-layout-flex\"><ul class=\"blocks-gallery-grid\"><li class=\"blocks-gallery-item\"><figure><img decoding=\"async\" loading=\"lazy\" width=\"1024\" height=\"669\" src=\"https:\/\/lms.ffzg.unizg.hr\/wp-content\/uploads\/2020\/09\/ff3-1024x669.jpg\" alt=\"\" data-id=\"118\" data-full-url=\"https:\/\/lms.ffzg.unizg.hr\/wp-content\/uploads\/2020\/09\/ff3.jpg\" data-link=\"https:\/\/lms.ffzg.unizg.hr\/index.php\/venue\/ff3\/\" class=\"wp-image-118\" srcset=\"https:\/\/lms.ffzg.unizg.hr\/wp-content\/uploads\/2020\/09\/ff3-1024x669.jpg 1024w, https:\/\/lms.ffzg.unizg.hr\/wp-content\/uploads\/2020\/09\/ff3-300x196.jpg 300w, https:\/\/lms.ffzg.unizg.hr\/wp-content\/uploads\/2020\/09\/ff3-768x502.jpg 768w, https:\/\/lms.ffzg.unizg.hr\/wp-content\/uploads\/2020\/09\/ff3.jpg 1434w\" sizes=\"(max-width: 1024px) 100vw, 1024px\" \/><\/figure><\/li><li class=\"blocks-gallery-item\"><figure><img decoding=\"async\" loading=\"lazy\" width=\"714\" height=\"820\" src=\"https:\/\/lms.ffzg.unizg.hr\/wp-content\/uploads\/2020\/09\/ff2.jpg\" alt=\"\" data-id=\"117\" data-full-url=\"https:\/\/lms.ffzg.unizg.hr\/wp-content\/uploads\/2020\/09\/ff2.jpg\" data-link=\"https:\/\/lms.ffzg.unizg.hr\/index.php\/venue\/ff2\/\" class=\"wp-image-117\" srcset=\"https:\/\/lms.ffzg.unizg.hr\/wp-content\/uploads\/2020\/09\/ff2.jpg 714w, https:\/\/lms.ffzg.unizg.hr\/wp-content\/uploads\/2020\/09\/ff2-261x300.jpg 261w\" sizes=\"(max-width: 714px) 100vw, 714px\" \/><\/figure><\/li><li class=\"blocks-gallery-item\"><figure><img decoding=\"async\" loading=\"lazy\" width=\"1024\" height=\"683\" src=\"https:\/\/lms.ffzg.unizg.hr\/wp-content\/uploads\/2020\/09\/ff1-1024x683.jpg\" alt=\"\" data-id=\"116\" data-full-url=\"https:\/\/lms.ffzg.unizg.hr\/wp-content\/uploads\/2020\/09\/ff1.jpg\" data-link=\"https:\/\/lms.ffzg.unizg.hr\/index.php\/venue\/ff1\/\" class=\"wp-image-116\" srcset=\"https:\/\/lms.ffzg.unizg.hr\/wp-content\/uploads\/2020\/09\/ff1-1024x683.jpg 1024w, https:\/\/lms.ffzg.unizg.hr\/wp-content\/uploads\/2020\/09\/ff1-300x200.jpg 300w, https:\/\/lms.ffzg.unizg.hr\/wp-content\/uploads\/2020\/09\/ff1-768x512.jpg 768w, https:\/\/lms.ffzg.unizg.hr\/wp-content\/uploads\/2020\/09\/ff1.jpg 1289w\" sizes=\"(max-width: 1024px) 100vw, 1024px\" \/><\/figure><\/li><\/ul><\/figure>\n\n\n\n<p><strong>How to reach the Faculty of Humanities and Social Sciences?<\/strong><\/p>\n\n\n\n<p>The Faculty of Humanities and Social Sciences is located in the wider city center and is within walking distance from the central city Ban Jela\u010di\u0107 Square (<em>Trg bana Jela\u010di\u0107a<\/em>). This walk would take you approximately 30 minutes. <a rel=\"noreferrer noopener\" href=\"https:\/\/www.google.com\/maps\/dir\/Trg+bana+Josipa+Jela%C4%8Di%C4%87a,+Zagreb\/Filozofski+fakultet,+Zagreb\/@45.8050517,15.9650892,15z\/data=!3m1!4b1!4m14!4m13!1m5!1m1!1s0x4765d6fdc3ad82b1:0xeb4b22854194dc34!2m2!1d15.9773315!2d45.8133202!1m5!1m1!1s0x4765d6f4c4e27d8b:0xb31c6643445a0d9d!2m2!1d15.9713749!2d45.7966194!3e2?hl=hr\" target=\"_blank\">map<\/a><\/p>\n\n\n\n<p>From the central square, you can also reach the Faculty by tram number 13 traveling in the direction of Savi\u0161\u0107e. You need to exit at tram station <em>Sveu\u010dili\u0161na aleja<\/em> on Vukovar Street (<em>Ulica grada Vukovara<\/em>). Walking south from the tram station along Ivan Lu\u010di\u0107 Street (<em>Ulica <\/em><em>I<\/em><em>vana Lu\u010di\u0107a<\/em>) for approximately 5 minutes, you will see the Faculty building on the left side, behind a large parking site. <a href=\"https:\/\/www.google.com\/maps\/dir\/Trg+bana+Josipa+Jela%C4%8Di%C4%87a,+Zagreb\/Filozofski+fakultet,+Zagreb\/@45.8050517,15.9638721,15z\/data=!4m15!4m14!1m5!1m1!1s0x4765d6fdc3ad82b1:0xeb4b22854194dc34!2m2!1d15.9773315!2d45.8133202!1m5!1m1!1s0x4765d6f4c4e27d8b:0xb31c6643445a0d9d!2m2!1d15.9713749!2d45.7966194!3e3!5i1?hl=hr\" target=\"_blank\" rel=\"noreferrer noopener\">map<\/a><\/p>\n\n\n\n<p>From the central train station (<em>Glavni kolodvor<\/em>), the easiest way to reach the Faculty is by foot. This walk will take you approximately 10 minutes. <a href=\"https:\/\/www.google.com\/maps\/dir\/Glavni+Kolodvor,+Trg+kralja+Tomislava,+Zagreb\/Filozofski+fakultet,+Zagreb\/@45.8006385,15.9706046,16z\/data=!3m1!4b1!4m14!4m13!1m5!1m1!1s0x4765d6f81f0bee31:0xea394188e3910463!2m2!1d15.9788122!2d45.804671!1m5!1m1!1s0x4765d6f4c4e27d8b:0xb31c6643445a0d9d!2m2!1d15.9713749!2d45.7966194!3e3?hl=hr\" target=\"_blank\" rel=\"noreferrer noopener\">map<\/a><\/p>\n\n\n\n<p>From the central bus station (<em>Autobusni kolodvor<\/em>) tram number 5 will take you directly to the tram station <em>Sveu\u010dili\u0161na aleja<\/em>, from where you can walk to to Faculty. <a href=\"https:\/\/www.google.com\/maps\/dir\/Autobusni+Kolodvor+Zagreb,+Avenija+Marina+Dr%C5%BEi%C4%87a,+Zagreb\/Filozofski+fakultet,+Zagreb\/@45.8002928,15.9738992,15z\/data=!3m1!4b1!4m14!4m13!1m5!1m1!1s0x4765d6502fa47c33:0x17708cd8e68aaed2!2m2!1d15.9931168!2d45.8038303!1m5!1m1!1s0x4765d6f4c4e27d8b:0xb31c6643445a0d9d!2m2!1d15.9713749!2d45.7966194!3e3?hl=hr\" target=\"_blank\" rel=\"noreferrer noopener\">map<\/a><\/p>\n","protected":false},"excerpt":{"rendered":"<p>Faculty of Humanities and Social Sciences, University of Zagreb University of Zagreb is the oldest university in Croatia. The first academy in Zagreb was founded in 1669, while modern university with four faculties was founded in 1874. Today there are 34 faculties at the University, with more than 60,000 students altogether. The Faculty of Humanities [&hellip;]<\/p>\n","protected":false},"author":1,"featured_media":0,"parent":0,"menu_order":0,"comment_status":"closed","ping_status":"closed","template":"","meta":{"footnotes":""},"_links":{"self":[{"href":"https:\/\/lms.ffzg.unizg.hr\/index.php\/wp-json\/wp\/v2\/pages\/55"}],"collection":[{"href":"https:\/\/lms.ffzg.unizg.hr\/index.php\/wp-json\/wp\/v2\/pages"}],"about":[{"href":"https:\/\/lms.ffzg.unizg.hr\/index.php\/wp-json\/wp\/v2\/types\/page"}],"author":[{"embeddable":true,"href":"https:\/\/lms.ffzg.unizg.hr\/index.php\/wp-json\/wp\/v2\/users\/1"}],"replies":[{"embeddable":true,"href":"https:\/\/lms.ffzg.unizg.hr\/index.php\/wp-json\/wp\/v2\/comments?post=55"}],"version-history":[{"count":5,"href":"https:\/\/lms.ffzg.unizg.hr\/index.php\/wp-json\/wp\/v2\/pages\/55\/revisions"}],"predecessor-version":[{"id":178,"href":"https:\/\/lms.ffzg.unizg.hr\/index.php\/wp-json\/wp\/v2\/pages\/55\/revisions\/178"}],"wp:attachment":[{"href":"https:\/\/lms.ffzg.unizg.hr\/index.php\/wp-json\/wp\/v2\/media?parent=55"}],"curies":[{"name":"wp","href":"https:\/\/api.w.org\/{rel}","templated":true}]}}