{"id":56,"date":"2020-09-01T12:09:09","date_gmt":"2020-09-01T12:09:09","guid":{"rendered":"https:\/\/lms.ffzg.unizg.hr\/?page_id=56"},"modified":"2020-09-02T08:38:55","modified_gmt":"2020-09-02T08:38:55","slug":"transportation","status":"publish","type":"page","link":"https:\/\/lms.ffzg.unizg.hr\/index.php\/transportation\/","title":{"rendered":"Transportation"},"content":{"rendered":"\n<div class=\"wp-block-cover alignwide has-background-dim-20 has-background-dim is-position-center-center\" style=\"background-image:url(https:\/\/lms.ffzg.unizg.hr\/wp-content\/uploads\/2020\/09\/zagreb-5.jpg);background-position:79% 37%;min-height:235px\"><div class=\"wp-block-cover__inner-container is-layout-flow wp-block-cover-is-layout-flow\">\n<p class=\"has-text-align-center has-text-color\" style=\"line-height:1.1;font-size:40px;color:#fffffa\"><strong>STANDARDIZATION<\/strong><br><strong>AS LANGUAGE MANAGEMENT<\/strong><\/p>\n\n\n\n<p class=\"has-text-align-center\" style=\"font-size:23px\">7th International Language Management Symposium<\/p>\n<\/div><\/div>\n\n\n\n<p><\/p>\n\n\n\n<p><strong>Arriving by plane<\/strong><\/p>\n\n\n\n<p>The international airport (<em>Zra\u010dna luka<\/em>) Franjo Tu\u0111man is located 17 km out of town. The <a rel=\"noreferrer noopener\" href=\"https:\/\/www.google.com\/url?q=https%3A%2F%2Fplesoprijevoz.hr%2Fen%2Fzagreb-croatia%2F&amp;sa=D&amp;sntz=1&amp;usg=AFQjCNG1fpQFqJIUBGzWgK3varSEwbnhmw\" target=\"_blank\">coach service<\/a> connects it with the Main Bus Station (<em>Autobusni kolodvor<\/em>), with buses leaving every half an hour. The trip lasts 30 minutes.<\/p>\n\n\n\n<div class=\"wp-block-webfactory-map\"><div class=\"wp-block-webfactory-map\"><iframe loading=\"lazy\" width=\"100%\" height=\"300px\" src=\"https:\/\/www.google.com\/maps\/embed\/v1\/place?q=zra%C4%8Dna%20luka%20zagreb&amp;maptype=roadmap&amp;zoom=16&amp;key=AIzaSyAjyDspiPfzEfjRSS5fQzm-3jHFjHxeXB4\" frameborder=\"0\"><\/iframe><\/div><\/div>\n\n\n\n<p><\/p>\n\n\n\n<p><\/p>\n\n\n\n<p><strong>Arriving by bus<\/strong><\/p>\n\n\n\n<p>Most international buses arrive at the Main Bus Station (<em>Autobusni kolodvor<\/em>). Trams number 2, 5, 6, 7 and 8 stop directly in front of the station. Trams number 3, 9 and 13 also run near, but you would have to walk some 5 minutes southwards along Marin Dr\u017ei\u0107 street (<em>Ulica Marina Dr\u017ei\u0107a<\/em>) to get to them. <a rel=\"noreferrer noopener\" href=\"https:\/\/www.google.hr\/maps\/dir\/Autobusni+Kolodvor+Zagreb,+Avenija+Marina+Dr%C5%BEi%C4%87a,+Zagreb\/Dr%C5%BEi%C4%87eva,+10000,+Zagreb\/@45.8024787,15.9924685,17z\/data=!3m1!4b1!4m14!4m13!1m5!1m1!1s0x4765d6502fa47c33:0x17708cd8e68aaed2!2m2!1d15.9931168!2d45.8038303!1m5!1m1!1s0x4765d64596a61f23:0x9ec02595cca98889!2m2!1d15.996196!2d45.801069!3e2?hl=hr\" target=\"_blank\">map<\/a> The coach service for the airport leaves from here.<\/p>\n\n\n\n<div class=\"wp-block-webfactory-map\"><div class=\"wp-block-webfactory-map\"><iframe loading=\"lazy\" width=\"100%\" height=\"300px\" src=\"https:\/\/www.google.com\/maps\/embed\/v1\/place?q=autobusni%20kolodvor%20zagreb&amp;maptype=roadmap&amp;zoom=16&amp;key=AIzaSyAjyDspiPfzEfjRSS5fQzm-3jHFjHxeXB4\" frameborder=\"0\"><\/iframe><\/div><\/div>\n\n\n\n<p><\/p>\n\n\n\n<p><\/p>\n\n\n\n<p><strong>Arriving by train<\/strong><\/p>\n\n\n\n<p>The Main Train Station (<em>Glavni kolodvor<\/em>) in not directly in close proximity to the Main Bus Station, but they are within a 10 minute easy walk. Trams number 2, 4, 6, 9 and 13 stop directly in front of the Main Train Station.<\/p>\n\n\n\n<div class=\"wp-block-webfactory-map\"><div class=\"wp-block-webfactory-map\"><iframe loading=\"lazy\" width=\"100%\" height=\"300px\" src=\"https:\/\/www.google.com\/maps\/embed\/v1\/place?q=glavni%20kolodvor%20zagreb&amp;maptype=roadmap&amp;zoom=16&amp;key=AIzaSyAjyDspiPfzEfjRSS5fQzm-3jHFjHxeXB4\" frameborder=\"0\"><\/iframe><\/div><\/div>\n\n\n\n<p><\/p>\n\n\n\n<p><\/p>\n\n\n\n<p><strong>Tram network<\/strong><\/p>\n\n\n\n<p>In the wider city center, 15 tram lines operate during the day and 4 during the night (from midnight to 5 AM). Day trams usually leave every 10 to 15 minutes, while night trams leave less frequently according to the fixed timetable.<\/p>\n\n\n\n<p><\/p>\n\n\n\n<p class=\"has-text-align-right\"><strong><em><a href=\"https:\/\/upload.wikimedia.org\/wikipedia\/commons\/thumb\/f\/f2\/Zagreb_tramway_network_map.svg\/1280px-Zagreb_tramway_network_map.svg.png?1599035905294\" data-type=\"URL\" data-id=\"https:\/\/upload.wikimedia.org\/wikipedia\/commons\/thumb\/f\/f2\/Zagreb_tramway_network_map.svg\/1280px-Zagreb_tramway_network_map.svg.png?1599035905294\" target=\"_blank\" rel=\"noreferrer noopener\">Day tram lines on the map<\/a><\/em><\/strong><\/p>\n\n\n\n<p><\/p>\n\n\n\n<p><\/p>\n\n\n\n<p class=\"has-text-align-right\"><strong><em><a href=\"https:\/\/www.prometna-zona.com\/gradski\/infrastruktura\/tramvajska_mreza.gif\" data-type=\"URL\" data-id=\"https:\/\/www.prometna-zona.com\/gradski\/infrastruktura\/tramvajska_mreza.gif\" target=\"_blank\" rel=\"noreferrer noopener\">Day tram routes<\/a><\/em><\/strong><\/p>\n\n\n\n<p><\/p>\n\n\n\n<p><\/p>\n\n\n\n<p class=\"has-text-align-right\"><strong><em><a href=\"https:\/\/www.prometna-zona.com\/gradski\/infrastruktura\/tramvajska_mreza_noc.gif\" data-type=\"URL\" data-id=\"https:\/\/www.prometna-zona.com\/gradski\/infrastruktura\/tramvajska_mreza_noc.gif\" target=\"_blank\" rel=\"noreferrer noopener\">Night tram routes with timetables<\/a><\/em><\/strong><\/p>\n\n\n\n<p><\/p>\n\n\n\n<p><\/p>\n\n\n\n<p><strong>Getting to the Faculty of Humanities and Social Sciences<\/strong><\/p>\n\n\n\n<p>To get to the Faculty of Humanities and Social Sciences, it is best to take trams number 3, 5 or 13 and get off the station <em>Sveu\u010dili\u0161na aleja<\/em> in the Vukovar street (<em>Ulica grada Vukovara<\/em>). From there, you can walk some 5 minutes southwards along Ivan Lu\u010di\u0107 street (<em>Ulica Ivana Lu\u010di\u0107a<\/em>) to get to the Faculty. <a href=\"https:\/\/www.google.hr\/maps\/dir\/Filozofski+fakultet,+Zagreb\/Sveu%C4%8Dili%C5%A1na+al.,+10000,+Zagreb\/@45.79808,15.9687096,17z\/data=!3m1!4b1!4m14!4m13!1m5!1m1!1s0x4765d6f4c4e27d8b:0xb31c6643445a0d9d!2m2!1d15.9713749!2d45.7966194!1m5!1m1!1s0x4765d6f40b4b4427:0x5d20f06a8aa19bc7!2m2!1d15.9709851!2d45.799554!3e2?hl=hr\" target=\"_blank\" rel=\"noreferrer noopener\">map<\/a><\/p>\n","protected":false},"excerpt":{"rendered":"<p>Arriving by plane The international airport (Zra\u010dna luka) Franjo Tu\u0111man is located 17 km out of town. The coach service connects it with the Main Bus Station (Autobusni kolodvor), with buses leaving every half an hour. The trip lasts 30 minutes. Arriving by bus Most international buses arrive at the Main Bus Station (Autobusni kolodvor). [&hellip;]<\/p>\n","protected":false},"author":1,"featured_media":0,"parent":0,"menu_order":0,"comment_status":"closed","ping_status":"closed","template":"","meta":{"footnotes":""},"_links":{"self":[{"href":"https:\/\/lms.ffzg.unizg.hr\/index.php\/wp-json\/wp\/v2\/pages\/56"}],"collection":[{"href":"https:\/\/lms.ffzg.unizg.hr\/index.php\/wp-json\/wp\/v2\/pages"}],"about":[{"href":"https:\/\/lms.ffzg.unizg.hr\/index.php\/wp-json\/wp\/v2\/types\/page"}],"author":[{"embeddable":true,"href":"https:\/\/lms.ffzg.unizg.hr\/index.php\/wp-json\/wp\/v2\/users\/1"}],"replies":[{"embeddable":true,"href":"https:\/\/lms.ffzg.unizg.hr\/index.php\/wp-json\/wp\/v2\/comments?post=56"}],"version-history":[{"count":16,"href":"https:\/\/lms.ffzg.unizg.hr\/index.php\/wp-json\/wp\/v2\/pages\/56\/revisions"}],"predecessor-version":[{"id":161,"href":"https:\/\/lms.ffzg.unizg.hr\/index.php\/wp-json\/wp\/v2\/pages\/56\/revisions\/161"}],"wp:attachment":[{"href":"https:\/\/lms.ffzg.unizg.hr\/index.php\/wp-json\/wp\/v2\/media?parent=56"}],"curies":[{"name":"wp","href":"https:\/\/api.w.org\/{rel}","templated":true}]}}